{"id":913,"date":"2020-02-25T10:18:13","date_gmt":"2020-02-25T10:18:13","guid":{"rendered":"https:\/\/www.congeladosorma.com\/fr\/politica-de-cookies\/"},"modified":"2021-08-17T21:32:57","modified_gmt":"2021-08-17T21:32:57","slug":"politica-de-cookies","status":"publish","type":"page","link":"https:\/\/www.congeladosorma.com\/fr\/politica-de-cookies\/","title":{"rendered":"Politique en mati\u00e8re de cookies"},"content":{"rendered":"<p>Politique en mati\u00e8re de cookies<br \/>\nUn cookie est un petit fichier texte qui est stock\u00e9 dans votre navigateur lorsque vous visitez presque n&#8217;importe quel site web. Son utilit\u00e9 est que le site web est capable de se souvenir de votre visite lorsque vous revenez naviguer sur cette page. Les cookies stockent g\u00e9n\u00e9ralement des informations de nature technique, des pr\u00e9f\u00e9rences personnelles, la personnalisation du contenu, des statistiques d&#8217;utilisation, des liens vers des r\u00e9seaux sociaux, l&#8217;acc\u00e8s \u00e0 des comptes d&#8217;utilisateur, etc. L&#8217;objectif du cookie est d&#8217;adapter le contenu du site web \u00e0 votre profil et \u00e0 vos besoins. Sans les cookies, les services offerts par toute page seraient consid\u00e9rablement r\u00e9duits. Si vous souhaitez obtenir plus d&#8217;informations sur ce que sont les cookies, ce qu&#8217;ils stockent, comment les supprimer, les d\u00e9sactiver, etc., veuillez consulter ce lien.<\/p>\n<p>Cookies utilis\u00e9s sur ce site web<br \/>\nConform\u00e9ment aux directives de l&#8217;Agence espagnole de protection des donn\u00e9es, nous d\u00e9taillons l&#8217;utilisation des cookies sur ce site web afin de vous informer de la mani\u00e8re la plus pr\u00e9cise possible.<\/p>\n<p>Ce site web utilise les cookies suivants :<\/p>\n<p>Cookies de session, pour s&#8217;assurer que les utilisateurs qui \u00e9crivent des commentaires sur le blog sont des humains et non des applications automatis\u00e9es. Il s&#8217;agit de lutter contre le spam.<br \/>\nCe site web utilise les cookies tiers suivants :<\/p>\n<p>Google Analytics : stocke des cookies afin de compiler des statistiques sur le trafic et le volume de visites de ce site web. En utilisant ce site Web, vous consentez au traitement des donn\u00e9es vous concernant par Google. Par cons\u00e9quent, l&#8217;exercice de tout droit \u00e0 cet \u00e9gard doit se faire en communiquant directement avec Google.<br \/>\nR\u00e9seaux sociaux : chaque r\u00e9seau social utilise ses propres cookies pour que vous puissiez cliquer sur des boutons tels que J&#8217;aime ou Partager.<br \/>\nD\u00e9sactivation ou suppression des cookies<br \/>\nVous pouvez exercer votre droit de d\u00e9sactiver ou de supprimer les cookies de ce site web \u00e0 tout moment. Ces actions sont ex\u00e9cut\u00e9es diff\u00e9remment selon le navigateur que vous utilisez. Voici un guide rapide pour les navigateurs les plus populaires.<\/p>\n<p>Notes suppl\u00e9mentaires<br \/>\nNi ce site web ni ses repr\u00e9sentants l\u00e9gaux ne sont responsables du contenu ou de la v\u00e9racit\u00e9 des politiques de confidentialit\u00e9 des tiers mentionn\u00e9s dans cette politique de cookies.<br \/>\nLes navigateurs web sont les outils responsables du stockage des cookies et c&#8217;est l\u00e0 que vous devez exercer votre droit de les supprimer ou de les d\u00e9sactiver. Ni ce site web ni ses repr\u00e9sentants l\u00e9gaux ne peuvent garantir le traitement correct ou incorrect des cookies par les navigateurs susmentionn\u00e9s.<br \/>\nDans certains cas, il est n\u00e9cessaire d&#8217;installer des cookies pour que le navigateur n&#8217;oublie pas votre d\u00e9cision de ne pas les accepter.<br \/>\nDans le cas des cookies Google Analytics, cette soci\u00e9t\u00e9 stocke les cookies sur des serveurs situ\u00e9s aux \u00c9tats-Unis et s&#8217;engage \u00e0 ne pas les partager avec des tiers, sauf dans les cas o\u00f9 cela est n\u00e9cessaire pour le fonctionnement du syst\u00e8me ou lorsque la loi l&#8217;exige. Selon Google, il ne stocke pas votre adresse IP. Google Inc. est membre de l&#8217;accord Safe Harbour qui garantit que toutes les donn\u00e9es transf\u00e9r\u00e9es seront trait\u00e9es avec un niveau de protection conforme \u00e0 la r\u00e9glementation europ\u00e9enne. Vous trouverez des informations d\u00e9taill\u00e9es \u00e0 ce sujet sur ce lien. Si vous souhaitez obtenir des informations sur la mani\u00e8re dont Google utilise les cookies, veuillez suivre ce lien.<br \/>\nSi vous avez des doutes ou des questions sur cette politique de cookies, n&#8217;h\u00e9sitez pas \u00e0 nous contacter via la section contact.<\/p>\n<p>&nbsp;<\/p>\n<p>&nbsp;<\/p>\n<p>&nbsp;<\/p>\n","protected":false},"excerpt":{"rendered":"<p>Politique en mati\u00e8re de cookies Un cookie est un petit fichier texte qui est stock\u00e9 dans votre navigateur lorsque vous visitez presque n&#8217;importe quel site web. Son utilit\u00e9 est que le site web est capable de se souvenir de votre visite lorsque vous revenez naviguer sur cette page. Les cookies stockent g\u00e9n\u00e9ralement des informations de [&hellip;]<\/p>\n","protected":false},"author":1,"featured_media":0,"parent":0,"menu_order":0,"comment_status":"closed","ping_status":"closed","template":"","meta":{"_et_pb_use_builder":"","_et_pb_old_content":"","_et_gb_content_width":"","footnotes":""},"class_list":["post-913","page","type-page","status-publish","hentry"],"_links":{"self":[{"href":"https:\/\/www.congeladosorma.com\/fr\/wp-json\/wp\/v2\/pages\/913","targetHints":{"allow":["GET"]}}],"collection":[{"href":"https:\/\/www.congeladosorma.com\/fr\/wp-json\/wp\/v2\/pages"}],"about":[{"href":"https:\/\/www.congeladosorma.com\/fr\/wp-json\/wp\/v2\/types\/page"}],"author":[{"embeddable":true,"href":"https:\/\/www.congeladosorma.com\/fr\/wp-json\/wp\/v2\/users\/1"}],"replies":[{"embeddable":true,"href":"https:\/\/www.congeladosorma.com\/fr\/wp-json\/wp\/v2\/comments?post=913"}],"version-history":[{"count":4,"href":"https:\/\/www.congeladosorma.com\/fr\/wp-json\/wp\/v2\/pages\/913\/revisions"}],"predecessor-version":[{"id":1051,"href":"https:\/\/www.congeladosorma.com\/fr\/wp-json\/wp\/v2\/pages\/913\/revisions\/1051"}],"wp:attachment":[{"href":"https:\/\/www.congeladosorma.com\/fr\/wp-json\/wp\/v2\/media?parent=913"}],"curies":[{"name":"wp","href":"https:\/\/api.w.org\/{rel}","templated":true}]}}