{"id":358,"date":"2019-11-04T10:45:46","date_gmt":"2019-11-04T10:45:46","guid":{"rendered":"https:\/\/www.congeladosorma.com\/eusk\/?page_id=358"},"modified":"2019-11-04T10:53:16","modified_gmt":"2019-11-04T10:53:16","slug":"localizacion","status":"publish","type":"page","link":"https:\/\/www.congeladosorma.com\/eusk\/localizacion\/","title":{"rendered":"LOCALIZACI\u00d3N"},"content":{"rendered":"<p>[et_pb_section fb_built=\u00bb1&#8243; _builder_version=\u00bb4.0.3&#8243; hover_enabled=\u00bb0&#8243; background_color=\u00bb#000000&#8243;][et_pb_row _builder_version=\u00bb4.0.3&#8243;][et_pb_column type=\u00bb4_4&#8243; _builder_version=\u00bb4.0.3&#8243;][et_pb_map address=\u00bb20140 Ando\u00e1in, Guip\u00fazcoa, Espa\u00f1a\u00bb zoom_level=\u00bb16&#8243; address_lat=\u00bb43.224104115931&#8243; address_lng=\u00bb-2.0211111693115&#8243; _builder_version=\u00bb4.0.3&#8243;][et_pb_map_pin title=\u00bbCONGELADOS ORMA JAKI ONA\u00bb pin_address=\u00bb20140 ANDOAIN\u00bb zoom_level=\u00bb7&#8243; _builder_version=\u00bb4.0.3&#8243;][\/et_pb_map_pin][et_pb_map_pin pin_address=\u00bbAma Kandida Hiribidea, 505, 20140 Andoain, Gipuzkoa, Espa\u00f1a\u00bb zoom_level=\u00bb17&#8243; pin_address_lat=\u00bb43.223515308442&#8243; pin_address_lng=\u00bb-2.0205532698365&#8243; _builder_version=\u00bb4.0.3&#8243;][\/et_pb_map_pin][\/et_pb_map][\/et_pb_column][\/et_pb_row][\/et_pb_section]<\/p>\n","protected":false},"excerpt":{"rendered":"","protected":false},"author":1,"featured_media":0,"parent":0,"menu_order":0,"comment_status":"closed","ping_status":"closed","template":"","meta":{"_et_pb_use_builder":"on","_et_pb_old_content":"","_et_gb_content_width":"","footnotes":""},"class_list":["post-358","page","type-page","status-publish","hentry"],"_links":{"self":[{"href":"https:\/\/www.congeladosorma.com\/eusk\/wp-json\/wp\/v2\/pages\/358","targetHints":{"allow":["GET"]}}],"collection":[{"href":"https:\/\/www.congeladosorma.com\/eusk\/wp-json\/wp\/v2\/pages"}],"about":[{"href":"https:\/\/www.congeladosorma.com\/eusk\/wp-json\/wp\/v2\/types\/page"}],"author":[{"embeddable":true,"href":"https:\/\/www.congeladosorma.com\/eusk\/wp-json\/wp\/v2\/users\/1"}],"replies":[{"embeddable":true,"href":"https:\/\/www.congeladosorma.com\/eusk\/wp-json\/wp\/v2\/comments?post=358"}],"version-history":[{"count":5,"href":"https:\/\/www.congeladosorma.com\/eusk\/wp-json\/wp\/v2\/pages\/358\/revisions"}],"predecessor-version":[{"id":368,"href":"https:\/\/www.congeladosorma.com\/eusk\/wp-json\/wp\/v2\/pages\/358\/revisions\/368"}],"wp:attachment":[{"href":"https:\/\/www.congeladosorma.com\/eusk\/wp-json\/wp\/v2\/media?parent=358"}],"curies":[{"name":"wp","href":"https:\/\/api.w.org\/{rel}","templated":true}]}}